{"id":228,"date":"2015-07-22T09:55:28","date_gmt":"2015-07-22T07:55:28","guid":{"rendered":"https:\/\/www.vogliovelo.de\/?page_id=228"},"modified":"2022-10-24T10:21:57","modified_gmt":"2022-10-24T08:21:57","slug":"impressum","status":"publish","type":"page","link":"https:\/\/www.vogliovelo.de\/?page_id=228","title":{"rendered":"Impressum"},"content":{"rendered":"<p><img loading=\"lazy\" decoding=\"async\" class=\" size-full wp-image-48 aligncenter\" src=\"http:\/\/www.nxs-projekte.de.nexus3.virtualhosts.de\/vogliovelo\/wp-content\/uploads\/2013\/05\/head_impressum.png\" alt=\"head_impressum\" width=\"247\" height=\"36\" \/><\/p>\n<p>Angaben gem\u00e4\u00df \u00a7 5 TMG:<\/p>\n<p>Kai Waldeck<br \/>\nWaldeck\u2018s Voglio Velo<br \/>\nJ\u00e4gerhofstra\u00dfe 39<br \/>\n40880 Ratingen<\/p>\n<p>Telefon: +49 (0) 21 02 \/ 57 94 104<br \/>\nE-Mail: waldeck@vogliovelo.de<\/p>\n<p>Umsatzsteuer-ID-Nr. gem\u00e4\u00df \u00a727 a Umsatzsteuergesetz: DE 815 205 486<\/p>\n<p><strong>Informationen zur Online-Streitbeilegung (OS) gem\u00e4\u00df Art. 14 Abs. 1 der EU Verordnung Nr. 524\/2013 (ODR-Verordnung):<\/strong><\/p>\n<p>Link auf die Plattform der EU-Kommission zur Online-Streitbeilegung: <a href=\"https:\/\/ec.europa.eu\/consumers\/odr\" target=\"_blank\" rel=\"noopener noreferrer\">https:\/\/ec.europa.eu\/consumers\/odr<\/a><\/p>\n<p>Zur Teilnahme an einem Streitbeilegungsverfahren vor einer Verbraucherschlichtungsstelle <i>bin ich <\/i>nicht verpflichtet und grunds\u00e4tzlich nicht bereit.<\/p>\n<p><strong>Weitere Informationen unter<\/strong>: http:\/\/www.anwaltblog24.de\/os-plattform.html<\/p>\n<p><strong>Haftungsausschluss:<\/strong><\/p>\n<p><span class=\"smalltext\"><strong>Haftung f\u00fcr Inhalte<\/strong><\/span><\/p>\n<p><span class=\"smalltext\">Die Inhalte unserer Seiten wurden mit gr\u00f6\u00dfter Sorgfalt erstellt. F\u00fcr die Richtigkeit, Vollst\u00e4ndigkeit und<br \/>\nAktualit\u00e4t der Inhalte k\u00f6nnen wir jedoch keine Gew\u00e4hr \u00fcbernehmen. Als Diensteanbieter sind wir gem\u00e4\u00df<br \/>\n\u00a7 7 Abs.1 TMG f\u00fcr eigene Inhalte auf diesen Seiten nach den allgemeinen Gesetzen verantwortlich. Nach<br \/>\n\u00a7\u00a7 8 bis 10 TMG sind wir als Diensteanbieter jedoch nicht verpflichtet, \u00fcbermittelte oder gespeicherte<br \/>\nfremde Informationen zu \u00fcberwachen oder nach Umst\u00e4nden zu forschen, die auf eine rechtswidrige<br \/>\nT\u00e4tigkeit hinweisen. Verpflichtungen zur Entfernung oder Sperrung der Nutzung von Informationen nach<br \/>\nden allgemeinen Gesetzen bleiben hiervon unber\u00fchrt. Eine diesbez\u00fcgliche Haftung ist jedoch erst ab dem<br \/>\nZeitpunkt der Kenntnis einer konkreten Rechtsverletzung m\u00f6glich. Bei Bekanntwerden von entsprechenden<br \/>\nRechtsverletzungen werden wir diese Inhalte umgehend entfernen.<\/span><\/p>\n<p><span class=\"smalltext\"><strong>Haftung f\u00fcr Links<\/strong><\/span><\/p>\n<p><span class=\"smalltext\">Unser Angebot enth\u00e4lt Links zu externen Webseiten Dritter, auf deren Inhalte wir keinen Einfluss haben.<br \/>\nDeshalb k\u00f6nnen wir f\u00fcr diese fremden Inhalte auch keine Gew\u00e4hr \u00fcbernehmen. F\u00fcr die Inhalte der verlinkten<br \/>\nSeiten ist stets der jeweilige Anbieter oder Betreiber der Seiten verantwortlich. Die verlinkten Seiten<br \/>\nwurden zum Zeitpunkt der Verlinkung auf m\u00f6gliche Rechtsverst\u00f6\u00dfe \u00fcberpr\u00fcft. Rechtswidrige Inhalte waren<br \/>\nzum Zeitpunkt der Verlinkung nicht erkennbar. Eine permanente inhaltliche Kontrolle der verlinkten Seiten<br \/>\nist jedoch ohne konkrete Anhaltspunkte einer Rechtsverletzung nicht zumutbar. Bei Bekanntwerden von<br \/>\nRechtsverletzungen werden wir derartige Links umgehend entfernen.<\/span><\/p>\n<p><span class=\"smalltext\"><strong>Urheberrecht<\/strong><\/span><\/p>\n<p><span class=\"smalltext\">Die durch die Seitenbetreiber erstellten Inhalte und Werke auf diesen Seiten unterliegen dem deutschen<br \/>\nUrheberrecht. Die Vervielf\u00e4ltigung, Bearbeitung, Verbreitung und jede Art der Verwertung au\u00dferhalb der<br \/>\nGrenzen des Urheberrechtes bed\u00fcrfen der schriftlichen Zustimmung des jeweiligen Autors bzw. Erstellers.<br \/>\nDownloads und Kopien dieser Seite sind nur f\u00fcr den privaten, nicht kommerziellen Gebrauch gestattet.<br \/>\nSoweit die Inhalte auf dieser Seite nicht vom Betreiber erstellt wurden, werden die Urheberrechte Dritter<br \/>\nbeachtet. Insbesondere werden Inhalte Dritter als solche gekennzeichnet. Sollten Sie trotzdem auf eine<br \/>\nUrheberrechtsverletzung aufmerksam werden, bitten wir um einen entsprechenden Hinweis. Bei Bekanntwerden<br \/>\nvon Rechtsverletzungen werden wir derartige Inhalte umgehend entfernen.<\/span><\/p>\n<p><span class=\"smalltext\"><strong>Datenschutz<\/strong><\/span><\/p>\n<p><span class=\"smalltext\">Die Nutzung unserer Webseite ist in der Regel ohne Angabe personenbezogener Daten m\u00f6glich. Soweit<br \/>\nauf unseren Seiten personenbezogene Daten (beispielsweise Name, Anschrift oder eMail-Adressen)<br \/>\nerhoben werden, erfolgt dies, soweit m\u00f6glich, stets auf freiwilliger Basis. Diese Daten werden ohne Ihre<br \/>\nausdr\u00fcckliche Zustimmung nicht an Dritte weitergegeben.<\/span><\/p>\n<p><span class=\"smalltext\">Wir weisen darauf hin, dass die Daten\u00fcbertragung im Internet (z.B. bei der Kommunikation per E-Mail)<br \/>\nSicherheitsl\u00fccken aufweisen kann. Ein l\u00fcckenloser Schutz der Daten vor dem Zugriff durch Dritte ist nicht<br \/>\nm\u00f6glich.<\/span><\/p>\n<p><span class=\"smalltext\">Der Nutzung von im Rahmen der Impressumspflicht ver\u00f6ffentlichten Kontaktdaten durch Dritte zur \u00dcbersendung<br \/>\nvon nicht ausdr\u00fccklich angeforderter Werbung und Informationsmaterialien wird hiermit ausdr\u00fccklich<br \/>\nwidersprochen. Die Betreiber der Seiten behalten sich ausdr\u00fccklich rechtliche Schritte im Falle<br \/>\nder unverlangten Zusendung von Werbeinformationen, etwa durch Spam-Mails, vor.<\/span><\/p>\n<p>&nbsp;<\/p>\n<p>&nbsp;<\/p>\n","protected":false},"excerpt":{"rendered":"<p>Angaben gem\u00e4\u00df \u00a7 5 TMG: Kai Waldeck Waldeck\u2018s Voglio Velo J\u00e4gerhofstra\u00dfe 39 40880 Ratingen Telefon: +49 (0) 21 02 \/ 57 94 104 E-Mail: waldeck@vogliovelo.de Umsatzsteuer-ID-Nr. gem\u00e4\u00df \u00a727 a Umsatzsteuergesetz: DE 815 205 486 Informationen zur Online-Streitbeilegung (OS) gem\u00e4\u00df Art. 14 Abs. 1 der EU Verordnung Nr. 524\/2013 (ODR-Verordnung): Link auf die Plattform der EU-Kommission &hellip; <a href=\"https:\/\/www.vogliovelo.de\/?page_id=228\" class=\"more-link\"><span class=\"screen-reader-text\">Impressum<\/span> weiterlesen <span class=\"meta-nav\">&rarr;<\/span><\/a><\/p>\n","protected":false},"author":1,"featured_media":0,"parent":0,"menu_order":0,"comment_status":"closed","ping_status":"closed","template":"","meta":{"footnotes":""},"class_list":["post-228","page","type-page","status-publish","hentry"],"_links":{"self":[{"href":"https:\/\/www.vogliovelo.de\/index.php?rest_route=\/wp\/v2\/pages\/228","targetHints":{"allow":["GET"]}}],"collection":[{"href":"https:\/\/www.vogliovelo.de\/index.php?rest_route=\/wp\/v2\/pages"}],"about":[{"href":"https:\/\/www.vogliovelo.de\/index.php?rest_route=\/wp\/v2\/types\/page"}],"author":[{"embeddable":true,"href":"https:\/\/www.vogliovelo.de\/index.php?rest_route=\/wp\/v2\/users\/1"}],"replies":[{"embeddable":true,"href":"https:\/\/www.vogliovelo.de\/index.php?rest_route=%2Fwp%2Fv2%2Fcomments&post=228"}],"version-history":[{"count":14,"href":"https:\/\/www.vogliovelo.de\/index.php?rest_route=\/wp\/v2\/pages\/228\/revisions"}],"predecessor-version":[{"id":2277,"href":"https:\/\/www.vogliovelo.de\/index.php?rest_route=\/wp\/v2\/pages\/228\/revisions\/2277"}],"wp:attachment":[{"href":"https:\/\/www.vogliovelo.de\/index.php?rest_route=%2Fwp%2Fv2%2Fmedia&parent=228"}],"curies":[{"name":"wp","href":"https:\/\/api.w.org\/{rel}","templated":true}]}}