{"id":1351,"date":"2019-01-31T13:00:49","date_gmt":"2019-01-31T11:00:49","guid":{"rendered":"https:\/\/www.vogliovelo.de\/?page_id=1351"},"modified":"2023-02-01T18:03:04","modified_gmt":"2023-02-01T16:03:04","slug":"gates-zahnriemen","status":"publish","type":"page","link":"https:\/\/www.vogliovelo.de\/?page_id=1351","title":{"rendered":"Gates Zahnriemen"},"content":{"rendered":"<p style=\"text-align: center;\"><em><strong>Das Atelier blickt mittlerweile auf sechs Jahre Erfahrung mit dem Gates Zahnriemen zur\u00fcck.<\/strong><\/em><\/p>\n<p>Seit 2012 wurde eine dreistellige Zahl von Gates best\u00fcckten Velos auf die Strassen geschickt.<\/p>\n<p><em>Hat sich das Versprechen von 20.000 Km Haltbarkeit f\u00fcr den Carbon verst\u00e4rkten Zahnriemen wirklich bewahrheitet ?<\/em><\/p>\n<p>Die klare Antwort lautet : <strong>Ja&#8230;\u00a0 &#8212;&gt;\u00a0 \u00a0ABER&#8230;<\/strong><\/p>\n<p><em>&#8230; es ist nicht der Zahnriemen, welcher als das schwache Glied in der &#8222;Kette&#8220;\u00a0 auszumachen w\u00e4re&#8230;<\/em><\/p>\n<p style=\"text-align: left;\"><em><strong>&#8230; es sind die Riemenscheiben, welche bei einem zu hohen Grad an Verschlei\u00df dem Riemen zu schaffen machen.<\/strong><\/em><\/p>\n<hr \/>\n<p><strong>Besonderheit der Kombination von Rohloff mit Gates.<\/strong><\/p>\n<p>Wie hinl\u00e4nglich bekannt ist, bietet die Rohloff Speedhub 14 Gang Nabe ein gro\u00dfes Spektrum an <em>untersetzenden<\/em> G\u00e4ngen, lediglich die G\u00e4nge 12-14 bieten eine wirkliche \u00dcbersetzung.<\/p>\n<p>Um diesem Fakt Rechnung zu tragen, wurde bei zahlreichen verkauften Rohloff Velos eine <em>gro\u00dfe<\/em> Grund\u00fcbersetzung von 55 Z\u00e4hnen an der Kurbel, sowie die <em>kleinst verf\u00fcgbare<\/em> Version mit 19 Z\u00e4hnen an der Nabe gew\u00e4hlt.<\/p>\n<hr \/>\n<p><strong>Erster getauschter Rohloff-Gates Antrieb bei 24.873 Km :<\/strong><\/p>\n<p><a href=\"https:\/\/www.vogliovelo.de\/wp-content\/uploads\/2019\/01\/IMG_8005.jpg\"><img loading=\"lazy\" decoding=\"async\" class=\"alignnone wp-image-1355 size-large\" src=\"https:\/\/www.vogliovelo.de\/wp-content\/uploads\/2019\/01\/IMG_8005-700x525.jpg\" alt=\"\" width=\"474\" height=\"356\" srcset=\"https:\/\/www.vogliovelo.de\/wp-content\/uploads\/2019\/01\/IMG_8005-700x525.jpg 700w, https:\/\/www.vogliovelo.de\/wp-content\/uploads\/2019\/01\/IMG_8005-300x225.jpg 300w, https:\/\/www.vogliovelo.de\/wp-content\/uploads\/2019\/01\/IMG_8005-768x576.jpg 768w, https:\/\/www.vogliovelo.de\/wp-content\/uploads\/2019\/01\/IMG_8005.jpg 1600w\" sizes=\"auto, (max-width: 474px) 100vw, 474px\" \/><\/a><\/p>\n<p>Im November 2017 war es schlie\u00dflich soweit, nach fast exakt vier Jahren t\u00e4glicher Nutzung der Rohloff-Gates Kombination wurde der erste verschlissene Zahnriemen nebst Riemenscheiben bei knapp 25.000 Km im Atelier erneuert.<\/p>\n<p><strong>Die von Gates versprochene Haltbarkeit wurde also vollends erreicht.<\/strong><\/p>\n<hr \/>\n<p>Bei genauerer Betrachtung viel sofort der recht ungleichm\u00e4\u00dfige Verschlei\u00df der Riemenscheiben auf.<\/p>\n<p>In dieser krassen Form wurde das nicht erwartet, da der Verschlei\u00df an der gro\u00dfen Scheibe aus Alu anf\u00e4nglich deutlich h\u00f6her eingesch\u00e4tzt worden war.<\/p>\n<p>Hier die gro\u00dfe 55-er Alu Scheibe im Detail :<\/p>\n<p><a href=\"https:\/\/www.vogliovelo.de\/wp-content\/uploads\/2019\/01\/IMG_8007.jpg\"><img loading=\"lazy\" decoding=\"async\" class=\"alignnone size-large wp-image-1357\" src=\"https:\/\/www.vogliovelo.de\/wp-content\/uploads\/2019\/01\/IMG_8007-700x525.jpg\" alt=\"\" width=\"474\" height=\"356\" srcset=\"https:\/\/www.vogliovelo.de\/wp-content\/uploads\/2019\/01\/IMG_8007-700x525.jpg 700w, https:\/\/www.vogliovelo.de\/wp-content\/uploads\/2019\/01\/IMG_8007-300x225.jpg 300w, https:\/\/www.vogliovelo.de\/wp-content\/uploads\/2019\/01\/IMG_8007-768x576.jpg 768w, https:\/\/www.vogliovelo.de\/wp-content\/uploads\/2019\/01\/IMG_8007.jpg 1600w\" sizes=\"auto, (max-width: 474px) 100vw, 474px\" \/><\/a> <a href=\"https:\/\/www.vogliovelo.de\/wp-content\/uploads\/2019\/01\/IMG_8006.jpg\"><img loading=\"lazy\" decoding=\"async\" class=\"alignnone size-large wp-image-1356\" src=\"https:\/\/www.vogliovelo.de\/wp-content\/uploads\/2019\/01\/IMG_8006-700x525.jpg\" alt=\"\" width=\"474\" height=\"356\" srcset=\"https:\/\/www.vogliovelo.de\/wp-content\/uploads\/2019\/01\/IMG_8006-700x525.jpg 700w, https:\/\/www.vogliovelo.de\/wp-content\/uploads\/2019\/01\/IMG_8006-300x225.jpg 300w, https:\/\/www.vogliovelo.de\/wp-content\/uploads\/2019\/01\/IMG_8006-768x576.jpg 768w, https:\/\/www.vogliovelo.de\/wp-content\/uploads\/2019\/01\/IMG_8006.jpg 1600w\" sizes=\"auto, (max-width: 474px) 100vw, 474px\" \/><\/a> <a href=\"https:\/\/www.vogliovelo.de\/wp-content\/uploads\/2019\/01\/IMG_8008.jpg\"><img loading=\"lazy\" decoding=\"async\" class=\"alignnone size-large wp-image-1358\" src=\"https:\/\/www.vogliovelo.de\/wp-content\/uploads\/2019\/01\/IMG_8008-700x525.jpg\" alt=\"\" width=\"474\" height=\"356\" srcset=\"https:\/\/www.vogliovelo.de\/wp-content\/uploads\/2019\/01\/IMG_8008-700x525.jpg 700w, https:\/\/www.vogliovelo.de\/wp-content\/uploads\/2019\/01\/IMG_8008-300x225.jpg 300w, https:\/\/www.vogliovelo.de\/wp-content\/uploads\/2019\/01\/IMG_8008-768x576.jpg 768w, https:\/\/www.vogliovelo.de\/wp-content\/uploads\/2019\/01\/IMG_8008.jpg 1600w\" sizes=\"auto, (max-width: 474px) 100vw, 474px\" \/><\/a><\/p>\n<p>Wie gut zu erkennen ist, befinden sich die Z\u00e4hne sowie deren Flanken in einem guten Zustand, der Stand des Verschlei\u00dfes betr\u00e4gt ca. 50 %.<\/p>\n<p>Der Zustand der kleinen 19-er Scheibe aus Zitat Gates : &#8220; robustem Edelstahl&#8220; zeigt deutlich, welches Bauteil am meisten &#8222;gelitten&#8220; hat :<\/p>\n<p><a href=\"https:\/\/www.vogliovelo.de\/wp-content\/uploads\/2019\/01\/IMG_8009.jpg\"><img loading=\"lazy\" decoding=\"async\" class=\"alignnone size-large wp-image-1359\" src=\"https:\/\/www.vogliovelo.de\/wp-content\/uploads\/2019\/01\/IMG_8009-700x525.jpg\" alt=\"\" width=\"474\" height=\"356\" srcset=\"https:\/\/www.vogliovelo.de\/wp-content\/uploads\/2019\/01\/IMG_8009-700x525.jpg 700w, https:\/\/www.vogliovelo.de\/wp-content\/uploads\/2019\/01\/IMG_8009-300x225.jpg 300w, https:\/\/www.vogliovelo.de\/wp-content\/uploads\/2019\/01\/IMG_8009-768x576.jpg 768w, https:\/\/www.vogliovelo.de\/wp-content\/uploads\/2019\/01\/IMG_8009.jpg 1600w\" sizes=\"auto, (max-width: 474px) 100vw, 474px\" \/><\/a> <a href=\"https:\/\/www.vogliovelo.de\/wp-content\/uploads\/2019\/01\/IMG_8010.jpg\"><img loading=\"lazy\" decoding=\"async\" class=\"alignnone size-large wp-image-1360\" src=\"https:\/\/www.vogliovelo.de\/wp-content\/uploads\/2019\/01\/IMG_8010-700x525.jpg\" alt=\"\" width=\"474\" height=\"356\" srcset=\"https:\/\/www.vogliovelo.de\/wp-content\/uploads\/2019\/01\/IMG_8010-700x525.jpg 700w, https:\/\/www.vogliovelo.de\/wp-content\/uploads\/2019\/01\/IMG_8010-300x225.jpg 300w, https:\/\/www.vogliovelo.de\/wp-content\/uploads\/2019\/01\/IMG_8010-768x576.jpg 768w, https:\/\/www.vogliovelo.de\/wp-content\/uploads\/2019\/01\/IMG_8010.jpg 1600w\" sizes=\"auto, (max-width: 474px) 100vw, 474px\" \/><\/a><\/p>\n<p>Wie sich sehr gut erkennen l\u00e4sst, sind die Z\u00e4hne sowie deren Flanken stark verschlissen bzw. kaum noch strukturell vorhanden.<\/p>\n<p>Die Flanken der Z\u00e4hne sind derart scharf gefahren geworden, dass sie den Zahnriemen f\u00f6rmlich &#8222;massakriert&#8220; haben :<\/p>\n<p><a href=\"https:\/\/www.vogliovelo.de\/wp-content\/uploads\/2019\/01\/IMG_8014.jpg\"><img loading=\"lazy\" decoding=\"async\" class=\"alignnone size-large wp-image-1364\" src=\"https:\/\/www.vogliovelo.de\/wp-content\/uploads\/2019\/01\/IMG_8014-700x525.jpg\" alt=\"\" width=\"474\" height=\"356\" srcset=\"https:\/\/www.vogliovelo.de\/wp-content\/uploads\/2019\/01\/IMG_8014-700x525.jpg 700w, https:\/\/www.vogliovelo.de\/wp-content\/uploads\/2019\/01\/IMG_8014-300x225.jpg 300w, https:\/\/www.vogliovelo.de\/wp-content\/uploads\/2019\/01\/IMG_8014-768x576.jpg 768w, https:\/\/www.vogliovelo.de\/wp-content\/uploads\/2019\/01\/IMG_8014.jpg 1600w\" sizes=\"auto, (max-width: 474px) 100vw, 474px\" \/><\/a> <a href=\"https:\/\/www.vogliovelo.de\/wp-content\/uploads\/2019\/01\/IMG_8011.jpg\"><img loading=\"lazy\" decoding=\"async\" class=\"alignnone size-large wp-image-1361\" src=\"https:\/\/www.vogliovelo.de\/wp-content\/uploads\/2019\/01\/IMG_8011-700x525.jpg\" alt=\"\" width=\"474\" height=\"356\" srcset=\"https:\/\/www.vogliovelo.de\/wp-content\/uploads\/2019\/01\/IMG_8011-700x525.jpg 700w, https:\/\/www.vogliovelo.de\/wp-content\/uploads\/2019\/01\/IMG_8011-300x225.jpg 300w, https:\/\/www.vogliovelo.de\/wp-content\/uploads\/2019\/01\/IMG_8011-768x576.jpg 768w, https:\/\/www.vogliovelo.de\/wp-content\/uploads\/2019\/01\/IMG_8011.jpg 1600w\" sizes=\"auto, (max-width: 474px) 100vw, 474px\" \/><\/a> <a href=\"https:\/\/www.vogliovelo.de\/wp-content\/uploads\/2019\/01\/IMG_8012.jpg\"><img loading=\"lazy\" decoding=\"async\" class=\"alignnone size-large wp-image-1362\" src=\"https:\/\/www.vogliovelo.de\/wp-content\/uploads\/2019\/01\/IMG_8012-700x525.jpg\" alt=\"\" width=\"474\" height=\"356\" srcset=\"https:\/\/www.vogliovelo.de\/wp-content\/uploads\/2019\/01\/IMG_8012-700x525.jpg 700w, https:\/\/www.vogliovelo.de\/wp-content\/uploads\/2019\/01\/IMG_8012-300x225.jpg 300w, https:\/\/www.vogliovelo.de\/wp-content\/uploads\/2019\/01\/IMG_8012-768x576.jpg 768w, https:\/\/www.vogliovelo.de\/wp-content\/uploads\/2019\/01\/IMG_8012.jpg 1600w\" sizes=\"auto, (max-width: 474px) 100vw, 474px\" \/><\/a> <a href=\"https:\/\/www.vogliovelo.de\/wp-content\/uploads\/2019\/01\/IMG_8013.jpg\"><img loading=\"lazy\" decoding=\"async\" class=\"alignnone size-large wp-image-1363\" src=\"https:\/\/www.vogliovelo.de\/wp-content\/uploads\/2019\/01\/IMG_8013-700x525.jpg\" alt=\"\" width=\"474\" height=\"356\" srcset=\"https:\/\/www.vogliovelo.de\/wp-content\/uploads\/2019\/01\/IMG_8013-700x525.jpg 700w, https:\/\/www.vogliovelo.de\/wp-content\/uploads\/2019\/01\/IMG_8013-300x225.jpg 300w, https:\/\/www.vogliovelo.de\/wp-content\/uploads\/2019\/01\/IMG_8013-768x576.jpg 768w, https:\/\/www.vogliovelo.de\/wp-content\/uploads\/2019\/01\/IMG_8013.jpg 1600w\" sizes=\"auto, (max-width: 474px) 100vw, 474px\" \/><\/a><\/p>\n<hr \/>\n<p><strong>Somit lie\u00dfen sich im November 2017 folgende Schl\u00fcsse ziehen :<\/strong><\/p>\n<p>Die Belastung der kleinen angetriebenen Riemenscheibe auf der Nabe ist derart gro\u00df, dass der Vorteil des z\u00e4heren Werkstoffes lediglich ein vermeintlicher ist. Die 55-er Scheibe weist die knapp 2.9-fache Anzahl an Z\u00e4hnen auf, somit kommt jeder Zahn deutlich seltener in den Eingriff.<\/p>\n<p><em>Damit verh\u00e4lt es sich bei den Riemenscheiben identisch zu klassischen Kettenbl\u00e4ttern, das Derivat mit dem gr\u00f6\u00dferen Durchmesser gewinnt klar in Puncto Haltbarkeit. Eine vielleicht etwas triviale Feststellung, jedoch konnte bis zu diesem Zeitpunkt der Reibungskoeffizient zwischen Riemen u. Riemenscheiben nicht so recht eingesch\u00e4tzt werden.<\/em><\/p>\n<p><strong>Bei genauer Beobachtung sowie rechtzeitigem Tausch einer verschlissenen Riemenscheibe sollten sich also deutlich mehr, als die bislang festgestellten 25.000 Km mit einem Riemen realisieren lassen.<\/strong><\/p>\n<hr \/>\n<p>So wurden in den folgenden Monaten diverse Rohloff-Riemenscheiben auf Verschlei\u00df gepr\u00fcft und bei Bedarf fr\u00fchzeitig erneuert.<\/p>\n<p><em><strong>Die jeweils neuen Scheiben arbeiteten dabei vom ersten Moment an perfekt mit den bereits 10.000 oder mehr Km gelaufenen Riemen zusammen.\u00a0<\/strong><\/em><\/p>\n<p>Hier zwei Beispiele :<\/p>\n<p><a href=\"https:\/\/www.vogliovelo.de\/wp-content\/uploads\/2019\/01\/IMG_8018.jpg\"><img loading=\"lazy\" decoding=\"async\" class=\"alignnone size-large wp-image-1368\" src=\"https:\/\/www.vogliovelo.de\/wp-content\/uploads\/2019\/01\/IMG_8018-700x525.jpg\" alt=\"\" width=\"474\" height=\"356\" srcset=\"https:\/\/www.vogliovelo.de\/wp-content\/uploads\/2019\/01\/IMG_8018-700x525.jpg 700w, https:\/\/www.vogliovelo.de\/wp-content\/uploads\/2019\/01\/IMG_8018-300x225.jpg 300w, https:\/\/www.vogliovelo.de\/wp-content\/uploads\/2019\/01\/IMG_8018-768x576.jpg 768w, https:\/\/www.vogliovelo.de\/wp-content\/uploads\/2019\/01\/IMG_8018.jpg 1600w\" sizes=\"auto, (max-width: 474px) 100vw, 474px\" \/><\/a> <a href=\"https:\/\/www.vogliovelo.de\/wp-content\/uploads\/2019\/01\/IMG_8019.jpg\"><img loading=\"lazy\" decoding=\"async\" class=\"alignnone size-large wp-image-1369\" src=\"https:\/\/www.vogliovelo.de\/wp-content\/uploads\/2019\/01\/IMG_8019-700x525.jpg\" alt=\"\" width=\"474\" height=\"356\" srcset=\"https:\/\/www.vogliovelo.de\/wp-content\/uploads\/2019\/01\/IMG_8019-700x525.jpg 700w, https:\/\/www.vogliovelo.de\/wp-content\/uploads\/2019\/01\/IMG_8019-300x225.jpg 300w, https:\/\/www.vogliovelo.de\/wp-content\/uploads\/2019\/01\/IMG_8019-768x576.jpg 768w, https:\/\/www.vogliovelo.de\/wp-content\/uploads\/2019\/01\/IMG_8019.jpg 1600w\" sizes=\"auto, (max-width: 474px) 100vw, 474px\" \/><\/a><\/p>\n<p>Diese Scheibe wurde bei ca. 11.500 Km ersetzt. Der Verschlei\u00df sowie die sprichw\u00f6rtlich gut gesch\u00e4rften Flanken lassen sich sehr gut erkennen.\u00a0 Eine Besonderheit dieser Scheibe liegt in der Kombination mit dem von Rohloff j\u00fcngst eingef\u00fchrten &#8222;Splined Carrier&#8220;. Dieses Steck-System soll den Aufwand f\u00fcr die Montage vereinfachen.<\/p>\n<p>Bei der Demontage dieser Riemenscheibe vom Carrier wurde ein deutlicher Verschlei\u00df in Form von seitlichem Spiel der Scheibe in der Verzahnung des Carriers festgestellt.<\/p>\n<p><em>Ob sich dieses Spiel vorab schon negativ auf die Haltbarkeit dieser Riemenscheibe niedergeschlagen hat, kann von dieser Stelle nur vermutet werden.<\/em><\/p>\n<p>Rohloff hat bereits reagiert und bietet speziell f\u00fcr Gates Riemenscheiben einen Carrier mit <strong><em>Lock-Ring<\/em><\/strong> an.<\/p>\n<hr \/>\n<p>Hier eine Gegen\u00fcberstellung einer Scheibe mit &#8222;Halbzeit&#8220; sowie im Neuzustand :<\/p>\n<p><a href=\"https:\/\/www.vogliovelo.de\/wp-content\/uploads\/2019\/01\/IMG_8020.jpg\"><img loading=\"lazy\" decoding=\"async\" class=\"alignnone size-large wp-image-1370\" src=\"https:\/\/www.vogliovelo.de\/wp-content\/uploads\/2019\/01\/IMG_8020-700x525.jpg\" alt=\"\" width=\"474\" height=\"356\" srcset=\"https:\/\/www.vogliovelo.de\/wp-content\/uploads\/2019\/01\/IMG_8020-700x525.jpg 700w, https:\/\/www.vogliovelo.de\/wp-content\/uploads\/2019\/01\/IMG_8020-300x225.jpg 300w, https:\/\/www.vogliovelo.de\/wp-content\/uploads\/2019\/01\/IMG_8020-768x576.jpg 768w, https:\/\/www.vogliovelo.de\/wp-content\/uploads\/2019\/01\/IMG_8020.jpg 1600w\" sizes=\"auto, (max-width: 474px) 100vw, 474px\" \/><\/a> <a href=\"https:\/\/www.vogliovelo.de\/wp-content\/uploads\/2019\/01\/IMG_8021.jpg\"><img loading=\"lazy\" decoding=\"async\" class=\"alignnone size-large wp-image-1371\" src=\"https:\/\/www.vogliovelo.de\/wp-content\/uploads\/2019\/01\/IMG_8021-700x525.jpg\" alt=\"\" width=\"474\" height=\"356\" srcset=\"https:\/\/www.vogliovelo.de\/wp-content\/uploads\/2019\/01\/IMG_8021-700x525.jpg 700w, https:\/\/www.vogliovelo.de\/wp-content\/uploads\/2019\/01\/IMG_8021-300x225.jpg 300w, https:\/\/www.vogliovelo.de\/wp-content\/uploads\/2019\/01\/IMG_8021-768x576.jpg 768w, https:\/\/www.vogliovelo.de\/wp-content\/uploads\/2019\/01\/IMG_8021.jpg 1600w\" sizes=\"auto, (max-width: 474px) 100vw, 474px\" \/><\/a><\/p>\n<p><a href=\"https:\/\/www.vogliovelo.de\/wp-content\/uploads\/2019\/01\/IMG_8022.jpg\"><img loading=\"lazy\" decoding=\"async\" class=\"alignnone size-large wp-image-1372\" src=\"https:\/\/www.vogliovelo.de\/wp-content\/uploads\/2019\/01\/IMG_8022-700x525.jpg\" alt=\"\" width=\"474\" height=\"356\" srcset=\"https:\/\/www.vogliovelo.de\/wp-content\/uploads\/2019\/01\/IMG_8022-700x525.jpg 700w, https:\/\/www.vogliovelo.de\/wp-content\/uploads\/2019\/01\/IMG_8022-300x225.jpg 300w, https:\/\/www.vogliovelo.de\/wp-content\/uploads\/2019\/01\/IMG_8022-768x576.jpg 768w, https:\/\/www.vogliovelo.de\/wp-content\/uploads\/2019\/01\/IMG_8022.jpg 1600w\" sizes=\"auto, (max-width: 474px) 100vw, 474px\" \/><\/a> <a href=\"https:\/\/www.vogliovelo.de\/wp-content\/uploads\/2019\/01\/IMG_8023.jpg\"><img loading=\"lazy\" decoding=\"async\" class=\"alignnone size-large wp-image-1373\" src=\"https:\/\/www.vogliovelo.de\/wp-content\/uploads\/2019\/01\/IMG_8023-700x525.jpg\" alt=\"\" width=\"474\" height=\"356\" srcset=\"https:\/\/www.vogliovelo.de\/wp-content\/uploads\/2019\/01\/IMG_8023-700x525.jpg 700w, https:\/\/www.vogliovelo.de\/wp-content\/uploads\/2019\/01\/IMG_8023-300x225.jpg 300w, https:\/\/www.vogliovelo.de\/wp-content\/uploads\/2019\/01\/IMG_8023-768x576.jpg 768w, https:\/\/www.vogliovelo.de\/wp-content\/uploads\/2019\/01\/IMG_8023.jpg 1600w\" sizes=\"auto, (max-width: 474px) 100vw, 474px\" \/><\/a><\/p>\n<hr \/>\n<p><strong>Besonderheit der Kombination von Pinion mit Gates<\/strong><\/p>\n<p>Das Pinion Zentralgetriebe weist gegen\u00fcber der Rohloff eine vollst\u00e4ndig gegenteilige Charakteristik in den gebotenen \u00dcbersetzungen auf.<\/p>\n<p>Somit weisen Pinion Velos nahezu <strong><em>gleich<\/em><\/strong> gro\u00dfe Riemenscheiben auf.<\/p>\n<p>An der Kurbel kommen meist 39-er und am Hinterrad zumeist 32-er Riemenscheiben zum Einsatz.<\/p>\n<p>Hier kann die hintere Scheibe aus Stahl ihren Vorteil des z\u00e4heren Werkstoffes vollends ausspielen.<\/p>\n<p>Ein Beispiel einer verschlissenen 39-er Alu Scheibe, Vergleich alt gegen neu :<\/p>\n<p><a href=\"https:\/\/www.vogliovelo.de\/wp-content\/uploads\/2019\/01\/IMG_7988.jpg\"><img loading=\"lazy\" decoding=\"async\" class=\"alignnone size-large wp-image-1352\" src=\"https:\/\/www.vogliovelo.de\/wp-content\/uploads\/2019\/01\/IMG_7988-700x525.jpg\" alt=\"\" width=\"474\" height=\"356\" srcset=\"https:\/\/www.vogliovelo.de\/wp-content\/uploads\/2019\/01\/IMG_7988-700x525.jpg 700w, https:\/\/www.vogliovelo.de\/wp-content\/uploads\/2019\/01\/IMG_7988-300x225.jpg 300w, https:\/\/www.vogliovelo.de\/wp-content\/uploads\/2019\/01\/IMG_7988-768x576.jpg 768w, https:\/\/www.vogliovelo.de\/wp-content\/uploads\/2019\/01\/IMG_7988.jpg 1600w\" sizes=\"auto, (max-width: 474px) 100vw, 474px\" \/><\/a> <a href=\"https:\/\/www.vogliovelo.de\/wp-content\/uploads\/2019\/01\/IMG_7989.jpg\"><img loading=\"lazy\" decoding=\"async\" class=\"alignnone size-large wp-image-1353\" src=\"https:\/\/www.vogliovelo.de\/wp-content\/uploads\/2019\/01\/IMG_7989-700x525.jpg\" alt=\"\" width=\"474\" height=\"356\" srcset=\"https:\/\/www.vogliovelo.de\/wp-content\/uploads\/2019\/01\/IMG_7989-700x525.jpg 700w, https:\/\/www.vogliovelo.de\/wp-content\/uploads\/2019\/01\/IMG_7989-300x225.jpg 300w, https:\/\/www.vogliovelo.de\/wp-content\/uploads\/2019\/01\/IMG_7989-768x576.jpg 768w, https:\/\/www.vogliovelo.de\/wp-content\/uploads\/2019\/01\/IMG_7989.jpg 1600w\" sizes=\"auto, (max-width: 474px) 100vw, 474px\" \/><\/a> <a href=\"https:\/\/www.vogliovelo.de\/wp-content\/uploads\/2019\/01\/IMG_7990.jpg\"><img loading=\"lazy\" decoding=\"async\" class=\"alignnone size-large wp-image-1354\" src=\"https:\/\/www.vogliovelo.de\/wp-content\/uploads\/2019\/01\/IMG_7990-700x525.jpg\" alt=\"\" width=\"474\" height=\"356\" srcset=\"https:\/\/www.vogliovelo.de\/wp-content\/uploads\/2019\/01\/IMG_7990-700x525.jpg 700w, https:\/\/www.vogliovelo.de\/wp-content\/uploads\/2019\/01\/IMG_7990-300x225.jpg 300w, https:\/\/www.vogliovelo.de\/wp-content\/uploads\/2019\/01\/IMG_7990-768x576.jpg 768w, https:\/\/www.vogliovelo.de\/wp-content\/uploads\/2019\/01\/IMG_7990.jpg 1600w\" sizes=\"auto, (max-width: 474px) 100vw, 474px\" \/><\/a><\/p>\n<hr \/>\n<p><em><strong>Es bleibt also festzuhalten, dass dem Gates Riemen bei zeitnahem Austausch ann\u00e4hernd verschlissener Riemenscheiben durchaus eine Laufleistung von 35T &#8211; 40.000 Km zugetraut werden kann.<\/strong><\/em><\/p>\n<p>Ob sich diese &#8222;These&#8220; bewahrheiten wird ?<\/p>\n<p>Das Atelier wird dar\u00fcber sicherlich zu gegebener Zeit berichten.<\/p>\n<hr \/>\n<p><strong>Rechnet sich ein Zahnriemen-System am Velo \u00fcberhaupt ?<\/strong><\/p>\n<p>Ein Rechenbeispiel zweier Rohloff-Velos.<\/p>\n<p>Rohloff mit Kette u. Kettenspanner <em>( andernfalls m\u00fcsste die Kette alle drei Wochen nachgespannt werden ! )<\/em><\/p>\n<p>Die reinen <em>Materialkosten incl. Montage<\/em> f\u00fcr Ketten, Ritzel u. Kettenbl\u00e4tter beliefen sich binnen 25.000 Km auf <em><strong>ca.\u00a0 \u20ac 500,-<\/strong><\/em><\/p>\n<p><em><strong>Die Version mit Riemenantrieb kommt auf ca. \u20ac 375,- .<\/strong><\/em><\/p>\n<p>Hier ergibt sich bereits eine Differenz zugunsten des Gates Velos, notwendig erbrachter Zeitaufwand f\u00fcr An- \/ Abfahrten etc. zur Werkstatt gar nicht mitgerechnet.<\/p>\n<p><em>Ginge man von der theoretisch maximal m\u00f6glichen Laufleistung von 40.000 Km aus, so steigerte sich der Kostenvorteil ( unter Einbeziehung einer notwendig werdenden zweiten Riemenscheibe f\u00fcr die Rohloff\u00a0 ) auf \u00fcber \u20ac 300,- .\u00a0<\/em><\/p>\n<p><strong>Ein zweiter Vergleich zwischen einem Velo mit Shimano Alfine XI Getriebe gegen ein Derivat mit klassischer Kettenschaltung :<\/strong><\/p>\n<p>Hier wird bewusst auf ein Alfine Getriebe verwiesen, da sich dies im identischen Preisbereich einer gut komponierten 30-Gang Trekking Kettenschaltung auf Shimano Deore LX Niveau befindet.<\/p>\n<p><em>Zudem bietet das Shimano Alfine XI Getriebe ein ausgewogenes &#8222;Destillat&#8220; gewohnter \u00dcbersetzungen einer Kettenschaltung an.<\/em><\/p>\n<p>Die Alfine XI Nabe bietet gegen\u00fcber der Rohloff deutlich l\u00e4ngere \u00dcbersetzungen, nicht umsonst wird sie auch liebevoll als &#8222;sportive Dose&#8220; bezeichnet.<\/p>\n<p>Aufgrund dieser wesentlich h\u00f6heren internen \u00dcbersetzung gen\u00fcgen hier eine 46-er Scheibe an der Kurbel, sowie eine 24 Z\u00e4hne Version an der Nabe. Mit einem Faktor von 1.9 sind sich die Riemenscheiben von ihren Durchmessern somit naturgem\u00e4\u00df n\u00e4her, was sich positiv auf die zu erwartende Haltbarkeit der hinteren Riemenscheibe auswirken d\u00fcrfte.<\/p>\n<p>Bislang wurde im Atelier auch kein Gates Bauteil bei einem Alfine Velo erneuert, was sicherlich auch an nicht arg so hohen Kilometer Leistung per Anno liegen d\u00fcrfte.<\/p>\n<p><strong>Legt man dennoch auch hier eine Fahrleistung von 25.000 Km zu Grunde, so w\u00fcrden in etwa folgende Kosten (Stand Nov.2017) entstehen:<\/strong><\/p>\n<p><em>Kettenschaltung<\/em><\/p>\n<p>5 x haltbare Kette 225,-<\/p>\n<p>3 x Kassette 150,-<\/p>\n<p>4 x Kettenblatt\u00a0 ( 2 x 36 u. 2 x 48 T ) 180,-<\/p>\n<p>2 x Leitrollen Schaltwerk \u00a030,-<\/p>\n<p>Ketten Schmierstoff \u00a040,-<\/p>\n<p>Montage ( f\u00fcnf Aufenthalte i.d. Werkstatt ) 250,-<\/p>\n<p><em><strong>Ergibt in Summe \u00a0\u20ac 875,-<\/strong><\/em><\/p>\n<p><em>Alfine XI-Gates Kombination<\/em><\/p>\n<p>5 x \u00d6lwechsel 100,-<\/p>\n<p>1 x Riemenscheibe CDX 46 Z\u00e4hne 95,-<\/p>\n<p>1 x Riemenscheibe CDX 24 Z\u00e4hne 85,-<\/p>\n<p>1 x Zahnriemen CDX 85,-<\/p>\n<p>Montage ( 4 x \u00d6lwechsel ,1 x gro\u00dfe Wartung) 125,-<\/p>\n<p><em><strong>Ergibt in Summe \u00a0\u20ac 540,-<\/strong><\/em><\/p>\n<hr \/>\n<p>Je l\u00e4nger bzw. je intensiver man sein Velo nutzt, desto eher bzw. mehr Spart man bei der Nutzung eines Gates Zahnriemens.<\/p>\n","protected":false},"excerpt":{"rendered":"<p>Das Atelier blickt mittlerweile auf sechs Jahre Erfahrung mit dem Gates Zahnriemen zur\u00fcck. Seit 2012 wurde eine dreistellige Zahl von Gates best\u00fcckten Velos auf die Strassen geschickt. Hat sich das Versprechen von 20.000 Km Haltbarkeit f\u00fcr den Carbon verst\u00e4rkten Zahnriemen wirklich bewahrheitet ? Die klare Antwort lautet : Ja&#8230;\u00a0 &#8212;&gt;\u00a0 \u00a0ABER&#8230; &#8230; es ist nicht &hellip; <a href=\"https:\/\/www.vogliovelo.de\/?page_id=1351\" class=\"more-link\"><span class=\"screen-reader-text\">Gates Zahnriemen<\/span> weiterlesen <span class=\"meta-nav\">&rarr;<\/span><\/a><\/p>\n","protected":false},"author":2,"featured_media":0,"parent":0,"menu_order":0,"comment_status":"closed","ping_status":"closed","template":"","meta":{"footnotes":""},"class_list":["post-1351","page","type-page","status-publish","hentry"],"_links":{"self":[{"href":"https:\/\/www.vogliovelo.de\/index.php?rest_route=\/wp\/v2\/pages\/1351","targetHints":{"allow":["GET"]}}],"collection":[{"href":"https:\/\/www.vogliovelo.de\/index.php?rest_route=\/wp\/v2\/pages"}],"about":[{"href":"https:\/\/www.vogliovelo.de\/index.php?rest_route=\/wp\/v2\/types\/page"}],"author":[{"embeddable":true,"href":"https:\/\/www.vogliovelo.de\/index.php?rest_route=\/wp\/v2\/users\/2"}],"replies":[{"embeddable":true,"href":"https:\/\/www.vogliovelo.de\/index.php?rest_route=%2Fwp%2Fv2%2Fcomments&post=1351"}],"version-history":[{"count":36,"href":"https:\/\/www.vogliovelo.de\/index.php?rest_route=\/wp\/v2\/pages\/1351\/revisions"}],"predecessor-version":[{"id":2291,"href":"https:\/\/www.vogliovelo.de\/index.php?rest_route=\/wp\/v2\/pages\/1351\/revisions\/2291"}],"wp:attachment":[{"href":"https:\/\/www.vogliovelo.de\/index.php?rest_route=%2Fwp%2Fv2%2Fmedia&parent=1351"}],"curies":[{"name":"wp","href":"https:\/\/api.w.org\/{rel}","templated":true}]}}